{"id":3758,"date":"2024-02-03T14:37:08","date_gmt":"2024-02-03T13:37:08","guid":{"rendered":"https:\/\/www.decraen.be\/eclairage\/"},"modified":"2024-04-07T18:51:55","modified_gmt":"2024-04-07T16:51:55","slug":"eclairage","status":"publish","type":"page","link":"https:\/\/www.decraen.be\/fr\/eclairage\/","title":{"rendered":"Eclairage"},"content":{"rendered":"\t\t<div data-elementor-type=\"wp-page\" data-elementor-id=\"3758\" class=\"elementor elementor-3758 elementor-1800\" data-elementor-post-type=\"page\">\n\t\t\t\t<div class=\"elementor-element elementor-element-382fabd e-flex e-con-boxed e-con e-parent\" data-id=\"382fabd\" data-element_type=\"container\" data-e-type=\"container\" data-settings=\"{&quot;background_background&quot;:&quot;classic&quot;,&quot;shape_divider_bottom&quot;:&quot;waves&quot;}\">\n\t\t\t\t\t<div class=\"e-con-inner\">\n\t\t\t\t<div class=\"elementor-shape elementor-shape-bottom\" aria-hidden=\"true\" data-negative=\"false\">\n\t\t\t<svg xmlns=\"http:\/\/www.w3.org\/2000\/svg\" viewBox=\"0 0 1000 100\" preserveAspectRatio=\"none\">\n\t<path class=\"elementor-shape-fill\" d=\"M421.9,6.5c22.6-2.5,51.5,0.4,75.5,5.3c23.6,4.9,70.9,23.5,100.5,35.7c75.8,32.2,133.7,44.5,192.6,49.7\n\tc23.6,2.1,48.7,3.5,103.4-2.5c54.7-6,106.2-25.6,106.2-25.6V0H0v30.3c0,0,72,32.6,158.4,30.5c39.2-0.7,92.8-6.7,134-22.4\n\tc21.2-8.1,52.2-18.2,79.7-24.2C399.3,7.9,411.6,7.5,421.9,6.5z\"\/>\n<\/svg>\t\t<\/div>\n\t\t<div class=\"elementor-element elementor-element-536f60e e-con-full e-flex e-con e-child\" data-id=\"536f60e\" data-element_type=\"container\" data-e-type=\"container\">\n\t\t\t\t<div class=\"elementor-element elementor-element-3d23aca elementor-widget elementor-widget-heading\" data-id=\"3d23aca\" data-element_type=\"widget\" data-e-type=\"widget\" data-settings=\"{&quot;_animation&quot;:&quot;none&quot;}\" data-widget_type=\"heading.default\">\n\t\t\t\t<div class=\"elementor-widget-container\">\n\t\t\t\t\t<h1 class=\"elementor-heading-title elementor-size-default\"><span style=\"color: var(--theme-palette-color-1)\">Eclairage<\/span> <\/h1>\t\t\t\t<\/div>\n\t\t\t\t<\/div>\n\t\t\t\t<\/div>\n\t\t\t\t\t<\/div>\n\t\t\t\t<\/div>\n\t\t<div class=\"elementor-element elementor-element-e294391 e-flex e-con-boxed e-con e-parent\" data-id=\"e294391\" data-element_type=\"container\" data-e-type=\"container\">\n\t\t\t\t\t<div class=\"e-con-inner\">\n\t\t<div class=\"elementor-element elementor-element-b0fdccc e-con-full e-flex e-con e-child\" data-id=\"b0fdccc\" data-element_type=\"container\" data-e-type=\"container\">\n\t\t\t\t<div class=\"elementor-element elementor-element-f5bdb86 elementor-arrows-position-inside elementor-pagination-position-outside elementor-widget elementor-widget-image-carousel\" data-id=\"f5bdb86\" data-element_type=\"widget\" data-e-type=\"widget\" data-settings=\"{&quot;slides_to_show&quot;:&quot;1&quot;,&quot;navigation&quot;:&quot;both&quot;,&quot;autoplay&quot;:&quot;yes&quot;,&quot;pause_on_hover&quot;:&quot;yes&quot;,&quot;pause_on_interaction&quot;:&quot;yes&quot;,&quot;autoplay_speed&quot;:5000,&quot;infinite&quot;:&quot;yes&quot;,&quot;effect&quot;:&quot;slide&quot;,&quot;speed&quot;:500}\" data-widget_type=\"image-carousel.default\">\n\t\t\t\t<div class=\"elementor-widget-container\">\n\t\t\t\t\t\t\t<div class=\"elementor-image-carousel-wrapper swiper\" role=\"region\" aria-roledescription=\"carousel\" aria-label=\"Carrousel d\u2019images\" dir=\"ltr\">\n\t\t\t<div class=\"elementor-image-carousel swiper-wrapper swiper-image-stretch\" aria-live=\"off\">\n\t\t\t\t\t\t\t\t<div class=\"swiper-slide\" role=\"group\" aria-roledescription=\"slide\" aria-label=\"1 sur 3\"><figure class=\"swiper-slide-inner\"><img decoding=\"async\" class=\"swiper-slide-image\" src=\"https:\/\/www.decraen.be\/wp-content\/uploads\/2023\/11\/IMG_3862-2-768x1024.jpg\" alt=\"Trapverlichting Grimbergen\" \/><\/figure><\/div><div class=\"swiper-slide\" role=\"group\" aria-roledescription=\"slide\" aria-label=\"2 sur 3\"><figure class=\"swiper-slide-inner\"><img decoding=\"async\" class=\"swiper-slide-image\" src=\"https:\/\/www.decraen.be\/wp-content\/uploads\/2023\/11\/IMG_0256-2.jpg\" alt=\"Appartement Sterrebeek\" \/><\/figure><\/div><div class=\"swiper-slide\" role=\"group\" aria-roledescription=\"slide\" aria-label=\"3 sur 3\"><figure class=\"swiper-slide-inner\"><img decoding=\"async\" class=\"swiper-slide-image\" src=\"https:\/\/www.decraen.be\/wp-content\/uploads\/2023\/11\/Tuin_Ilse.jpg\" alt=\"Tuinverlichting Everberg geinstalleerd door Elektro Decraen\" \/><\/figure><\/div>\t\t\t<\/div>\n\t\t\t\t\t\t\t\t\t\t\t\t<div class=\"elementor-swiper-button elementor-swiper-button-prev\" role=\"button\" tabindex=\"0\">\n\t\t\t\t\t\t<i aria-hidden=\"true\" class=\"eicon-chevron-left\"><\/i>\t\t\t\t\t<\/div>\n\t\t\t\t\t<div class=\"elementor-swiper-button elementor-swiper-button-next\" role=\"button\" tabindex=\"0\">\n\t\t\t\t\t\t<i aria-hidden=\"true\" class=\"eicon-chevron-right\"><\/i>\t\t\t\t\t<\/div>\n\t\t\t\t\n\t\t\t\t\t\t\t\t\t<div class=\"swiper-pagination\"><\/div>\n\t\t\t\t\t\t\t\t\t<\/div>\n\t\t\t\t\t\t<\/div>\n\t\t\t\t<\/div>\n\t\t\t\t<\/div>\n\t\t<div class=\"elementor-element elementor-element-e1714b6 e-con-full e-flex e-con e-child\" data-id=\"e1714b6\" data-element_type=\"container\" data-e-type=\"container\">\n\t\t\t\t<div class=\"elementor-element elementor-element-80d053a elementor-widget elementor-widget-heading\" data-id=\"80d053a\" data-element_type=\"widget\" data-e-type=\"widget\" data-widget_type=\"heading.default\">\n\t\t\t\t<div class=\"elementor-widget-container\">\n\t\t\t\t\t<h2 class=\"elementor-heading-title elementor-size-default\">\u00c9clairage pour votre maison, votre jardin ou votre entreprise<\/h2>\t\t\t\t<\/div>\n\t\t\t\t<\/div>\n\t\t\t\t<div class=\"elementor-element elementor-element-45ce0cb elementor-widget elementor-widget-text-editor\" data-id=\"45ce0cb\" data-element_type=\"widget\" data-e-type=\"widget\" data-widget_type=\"text-editor.default\">\n\t\t\t\t<div class=\"elementor-widget-container\">\n\t\t\t\t\t\t\t\t\t<p>Avez-vous des projets de construction ou de r\u00e9novation ? R\u00e9fl\u00e9chissez ensuite \u00e0 l&rsquo;\u00e9clairage ad\u00e9quat et \u00e0 l&#8217;emplacement des points lumineux en temps utile.<\/p>\n<p>Avec un \u00e9clairage adapt\u00e9, vous pouvez cr\u00e9er une ambiance dans et autour de votre maison. Nous sommes heureux de vous aider dans votre choix et de vous fournir une installation experte de tout votre \u00e9clairage \u00e0 l&rsquo;int\u00e9rieur et autour de votre maison.<\/p>\n<p>Qu&rsquo;il s&rsquo;agisse de spots encastr\u00e9s modernes, d&rsquo;\u00e9clairages muraux subtils ou d&rsquo;\u00e9clairages ext\u00e9rieurs puissants, nos professionnels exp\u00e9riment\u00e9s garantissent une installation sans faille et des r\u00e9sultats de bon go\u00fbt.<\/p>\n<p>Nous proposons une large gamme de produits et de marques.  <\/p>\n\t\t\t\t\t\t\t\t<\/div>\n\t\t\t\t<\/div>\n\t\t\t\t<\/div>\n\t\t\t\t\t<\/div>\n\t\t\t\t<\/div>\n\t\t<div class=\"elementor-element elementor-element-3918d5e e-flex e-con-boxed e-con e-parent\" data-id=\"3918d5e\" data-element_type=\"container\" data-e-type=\"container\">\n\t\t\t\t\t<div class=\"e-con-inner\">\n\t\t\t\t<div class=\"elementor-element elementor-element-c41bcbd elementor-widget elementor-widget-heading\" data-id=\"c41bcbd\" data-element_type=\"widget\" data-e-type=\"widget\" data-widget_type=\"heading.default\">\n\t\t\t\t<div class=\"elementor-widget-container\">\n\t\t\t\t\t<h3 class=\"elementor-heading-title elementor-size-default\">Quel \u00e9clairage vous convient le mieux ?<\/h3>\t\t\t\t<\/div>\n\t\t\t\t<\/div>\n\t\t\t\t<div class=\"elementor-element elementor-element-995624c elementor-widget elementor-widget-toggle\" data-id=\"995624c\" data-element_type=\"widget\" data-e-type=\"widget\" data-widget_type=\"toggle.default\">\n\t\t\t\t<div class=\"elementor-widget-container\">\n\t\t\t\t\t\t\t<div class=\"elementor-toggle\">\n\t\t\t\t\t\t\t<div class=\"elementor-toggle-item\">\n\t\t\t\t\t<div id=\"elementor-tab-title-1601\" class=\"elementor-tab-title\" data-tab=\"1\" role=\"button\" aria-controls=\"elementor-tab-content-1601\" aria-expanded=\"false\">\n\t\t\t\t\t\t\t\t\t\t\t\t<span class=\"elementor-toggle-icon elementor-toggle-icon-left\" aria-hidden=\"true\">\n\t\t\t\t\t\t\t\t\t\t\t\t\t\t\t<span class=\"elementor-toggle-icon-closed\"><i class=\"fas fa-caret-right\"><\/i><\/span>\n\t\t\t\t\t\t\t\t<span class=\"elementor-toggle-icon-opened\"><i class=\"elementor-toggle-icon-opened fas fa-caret-up\"><\/i><\/span>\n\t\t\t\t\t\t\t\t\t\t\t\t\t<\/span>\n\t\t\t\t\t\t\t\t\t\t\t\t<a class=\"elementor-toggle-title\" tabindex=\"0\">Quel est l'objectif de votre \u00e9clairage ?<\/a>\n\t\t\t\t\t<\/div>\n\n\t\t\t\t\t<div id=\"elementor-tab-content-1601\" class=\"elementor-tab-content elementor-clearfix\" data-tab=\"1\" role=\"region\" aria-labelledby=\"elementor-tab-title-1601\"><p>Il est important de savoir \u00e0 quoi sert la lampe. Envie d&rsquo;\u00e9gayer la pi\u00e8ce avec une lampe d\u00e9corative ? Ajouter un \u00e9clairage d&rsquo;ambiance ? Ou avez-vous besoin d&rsquo;une lampe pour une t\u00e2che sp\u00e9cifique, comme la lecture ou le travail ?<\/p>\n<\/div>\n\t\t\t\t<\/div>\n\t\t\t\t\t\t\t<div class=\"elementor-toggle-item\">\n\t\t\t\t\t<div id=\"elementor-tab-title-1602\" class=\"elementor-tab-title\" data-tab=\"2\" role=\"button\" aria-controls=\"elementor-tab-content-1602\" aria-expanded=\"false\">\n\t\t\t\t\t\t\t\t\t\t\t\t<span class=\"elementor-toggle-icon elementor-toggle-icon-left\" aria-hidden=\"true\">\n\t\t\t\t\t\t\t\t\t\t\t\t\t\t\t<span class=\"elementor-toggle-icon-closed\"><i class=\"fas fa-caret-right\"><\/i><\/span>\n\t\t\t\t\t\t\t\t<span class=\"elementor-toggle-icon-opened\"><i class=\"elementor-toggle-icon-opened fas fa-caret-up\"><\/i><\/span>\n\t\t\t\t\t\t\t\t\t\t\t\t\t<\/span>\n\t\t\t\t\t\t\t\t\t\t\t\t<a class=\"elementor-toggle-title\" tabindex=\"0\">Quelle lampe convient le mieux \u00e0 la pi\u00e8ce ou au style d'ameublement ?<\/a>\n\t\t\t\t\t<\/div>\n\n\t\t\t\t\t<div id=\"elementor-tab-content-1602\" class=\"elementor-tab-content elementor-clearfix\" data-tab=\"2\" role=\"region\" aria-labelledby=\"elementor-tab-title-1602\"><ul>\n<li>Il est important de tenir compte de la taille de la pi\u00e8ce lors du choix d&rsquo;une lampe.<\/li>\n<li>Une lampe trop petite peut dispara\u00eetre dans une grande pi\u00e8ce, tandis qu&rsquo;une lampe trop grande peut \u00e9craser la pi\u00e8ce.<\/li>\n<li>De plus, le style de la lampe doit s&rsquo;harmoniser avec la d\u00e9coration de la pi\u00e8ce.<\/li>\n<\/ul>\n<\/div>\n\t\t\t\t<\/div>\n\t\t\t\t\t\t\t<div class=\"elementor-toggle-item\">\n\t\t\t\t\t<div id=\"elementor-tab-title-1603\" class=\"elementor-tab-title\" data-tab=\"3\" role=\"button\" aria-controls=\"elementor-tab-content-1603\" aria-expanded=\"false\">\n\t\t\t\t\t\t\t\t\t\t\t\t<span class=\"elementor-toggle-icon elementor-toggle-icon-left\" aria-hidden=\"true\">\n\t\t\t\t\t\t\t\t\t\t\t\t\t\t\t<span class=\"elementor-toggle-icon-closed\"><i class=\"fas fa-caret-right\"><\/i><\/span>\n\t\t\t\t\t\t\t\t<span class=\"elementor-toggle-icon-opened\"><i class=\"elementor-toggle-icon-opened fas fa-caret-up\"><\/i><\/span>\n\t\t\t\t\t\t\t\t\t\t\t\t\t<\/span>\n\t\t\t\t\t\t\t\t\t\t\t\t<a class=\"elementor-toggle-title\" tabindex=\"0\">Lumi\u00e8re chaude ou froide ?<\/a>\n\t\t\t\t\t<\/div>\n\n\t\t\t\t\t<div id=\"elementor-tab-content-1603\" class=\"elementor-tab-content elementor-clearfix\" data-tab=\"3\" role=\"region\" aria-labelledby=\"elementor-tab-title-1603\"><ul>\n<li>La temp\u00e9rature de couleur de la lumi\u00e8re est exprim\u00e9e en Kelvin (K).&nbsp;<\/li>\n<li>La lumi\u00e8re chaude a une temp\u00e9rature de couleur plus basse, de l&rsquo;ordre de 2000K \u00e0 3000K, tandis que la lumi\u00e8re froide a une temp\u00e9rature de couleur plus \u00e9lev\u00e9e, de l&rsquo;ordre de 4000K ou plus.&nbsp;<\/li>\n<li>Une lampe \u00e0 incandescence, par exemple, a g\u00e9n\u00e9ralement une temp\u00e9rature de couleur d&rsquo;environ 2700K, tandis qu&rsquo;une lampe \u00e0 LED pour les bureaux ou les magasins a souvent une temp\u00e9rature de couleur de 4000K ou plus.&nbsp;<\/li>\n<li>La lumi\u00e8re chaude donne souvent une impression d&rsquo;intimit\u00e9 et de confort, tandis que la lumi\u00e8re froide peut apporter plus d&rsquo;\u00e9nergie et de concentration. solution de charge.<\/li>\n<\/ul>\n<\/div>\n\t\t\t\t<\/div>\n\t\t\t\t\t\t\t<div class=\"elementor-toggle-item\">\n\t\t\t\t\t<div id=\"elementor-tab-title-1604\" class=\"elementor-tab-title\" data-tab=\"4\" role=\"button\" aria-controls=\"elementor-tab-content-1604\" aria-expanded=\"false\">\n\t\t\t\t\t\t\t\t\t\t\t\t<span class=\"elementor-toggle-icon elementor-toggle-icon-left\" aria-hidden=\"true\">\n\t\t\t\t\t\t\t\t\t\t\t\t\t\t\t<span class=\"elementor-toggle-icon-closed\"><i class=\"fas fa-caret-right\"><\/i><\/span>\n\t\t\t\t\t\t\t\t<span class=\"elementor-toggle-icon-opened\"><i class=\"elementor-toggle-icon-opened fas fa-caret-up\"><\/i><\/span>\n\t\t\t\t\t\t\t\t\t\t\t\t\t<\/span>\n\t\t\t\t\t\t\t\t\t\t\t\t<a class=\"elementor-toggle-title\" tabindex=\"0\">Quels sont les avantages de l'\u00e9clairage LED ?<\/a>\n\t\t\t\t\t<\/div>\n\n\t\t\t\t\t<div id=\"elementor-tab-content-1604\" class=\"elementor-tab-content elementor-clearfix\" data-tab=\"4\" role=\"region\" aria-labelledby=\"elementor-tab-title-1604\"><ul>\n<li><strong>Efficacit\u00e9 \u00e9nerg\u00e9tique :<\/strong> les lampes LED consomment beaucoup moins d&rsquo;\u00e9nergie que les lampes \u00e0 incandescence et halog\u00e8nes conventionnelles. Cela se traduit par une r\u00e9duction des co\u00fbts \u00e9nerg\u00e9tiques et de l&rsquo;impact sur l&rsquo;environnement.  <\/li>\n<li><strong>Durable :<\/strong> l&rsquo;\u00e9clairage LED dure beaucoup plus longtemps que les ampoules traditionnelles, ce qui r\u00e9duit les d\u00e9chets et la n\u00e9cessit\u00e9 de les remplacer.  <\/li>\n<li><strong>Flexibilit\u00e9 :<\/strong> les lampes LED sont disponibles en diff\u00e9rentes tailles et formes et peuvent \u00eatre utilis\u00e9es pour un large \u00e9ventail d&rsquo;applications, de l&rsquo;\u00e9clairage int\u00e9rieur g\u00e9n\u00e9ral \u00e0 l&rsquo;\u00e9clairage public et \u00e0 l&rsquo;\u00e9clairage des voitures.  <\/li>\n<li><strong>Faible production de chaleur :<\/strong> l&rsquo;\u00e9clairage LED produit beaucoup moins de chaleur que l&rsquo;\u00e9clairage traditionnel, ce qui le rend plus s\u00fbr et contribue moins au r\u00e9chauffement de la plan\u00e8te.  <\/li>\n<li><strong>Un meilleur contr\u00f4le de la luminosit\u00e9 :<\/strong> les ampoules LED peuvent \u00eatre gradu\u00e9es et contr\u00f4l\u00e9es pour fournir la bonne quantit\u00e9 de lumi\u00e8re, ce qui permet d&rsquo;am\u00e9liorer l&rsquo;ambiance et de r\u00e9aliser des \u00e9conomies d&rsquo;\u00e9nergie.  <\/li>\n<li><strong>Pas de substances nocives :<\/strong> Les ampoules LED ne contiennent pas de substances toxiques telles que le mercure, comme c&rsquo;est le cas pour les ampoules traditionnelles.<\/li>\n<\/ul>\n<\/div>\n\t\t\t\t<\/div>\n\t\t\t\t\t\t\t\t<\/div>\n\t\t\t\t\t\t<\/div>\n\t\t\t\t<\/div>\n\t\t\t\t\t<\/div>\n\t\t\t\t<\/div>\n\t\t<div class=\"elementor-element elementor-element-8f9aa6c e-flex e-con-boxed e-con e-parent\" data-id=\"8f9aa6c\" data-element_type=\"container\" data-e-type=\"container\" data-settings=\"{&quot;background_background&quot;:&quot;gradient&quot;}\">\n\t\t\t\t\t<div class=\"e-con-inner\">\n\t\t\t\t<div class=\"elementor-element elementor-element-31cbb87 elementor-widget elementor-widget-heading\" data-id=\"31cbb87\" data-element_type=\"widget\" data-e-type=\"widget\" data-widget_type=\"heading.default\">\n\t\t\t\t<div class=\"elementor-widget-container\">\n\t\t\t\t\t<h2 class=\"elementor-heading-title elementor-size-default\">Nous contacter<\/h2>\t\t\t\t<\/div>\n\t\t\t\t<\/div>\n\t\t\t\t<div class=\"elementor-element elementor-element-3b996f0 elementor-widget-divider--view-line elementor-widget elementor-widget-divider\" data-id=\"3b996f0\" data-element_type=\"widget\" data-e-type=\"widget\" data-widget_type=\"divider.default\">\n\t\t\t\t<div class=\"elementor-widget-container\">\n\t\t\t\t\t\t\t<div class=\"elementor-divider\">\n\t\t\t<span class=\"elementor-divider-separator\">\n\t\t\t\t\t\t<\/span>\n\t\t<\/div>\n\t\t\t\t\t\t<\/div>\n\t\t\t\t<\/div>\n\t\t\t\t<div class=\"elementor-element elementor-element-8d423f0 elementor-widget__width-initial elementor-widget elementor-widget-text-editor\" data-id=\"8d423f0\" data-element_type=\"widget\" data-e-type=\"widget\" data-widget_type=\"text-editor.default\">\n\t\t\t\t<div class=\"elementor-widget-container\">\n\t\t\t\t\t\t\t\t\t<p style=\"text-align: center;\">Vous cherchez un partenaire fiable ou nous pouvons vous aider dans d&rsquo;autres domaines ? N&rsquo;h\u00e9sitez pas \u00e0 nous contacter en cliquant sur le bouton ci-dessous.  <\/p>\n\t\t\t\t\t\t\t\t<\/div>\n\t\t\t\t<\/div>\n\t\t\t\t<div class=\"elementor-element elementor-element-6902ddb elementor-align-center elementor-widget elementor-widget-button\" data-id=\"6902ddb\" data-element_type=\"widget\" data-e-type=\"widget\" data-settings=\"{&quot;_animation&quot;:&quot;none&quot;}\" data-widget_type=\"button.default\">\n\t\t\t\t<div class=\"elementor-widget-container\">\n\t\t\t\t\t\t\t\t\t<div class=\"elementor-button-wrapper\">\n\t\t\t\t\t<a class=\"elementor-button elementor-button-link elementor-size-sm\" href=\"https:\/\/www.decraen.be\/elementor-page-1868\/\">\n\t\t\t\t\t\t<span class=\"elementor-button-content-wrapper\">\n\t\t\t\t\t\t\t\t\t<span class=\"elementor-button-text\">Contact<\/span>\n\t\t\t\t\t<\/span>\n\t\t\t\t\t<\/a>\n\t\t\t\t<\/div>\n\t\t\t\t\t\t\t\t<\/div>\n\t\t\t\t<\/div>\n\t\t\t\t\t<\/div>\n\t\t\t\t<\/div>\n\t\t\t\t<\/div>\n\t\t","protected":false},"excerpt":{"rendered":"<p>Eclairage \u00c9clairage pour votre maison, votre jardin ou votre entreprise Avez-vous des projets de construction ou de r\u00e9novation ? R\u00e9fl\u00e9chissez ensuite \u00e0 l&rsquo;\u00e9clairage ad\u00e9quat et \u00e0 l&#8217;emplacement des points lumineux en temps utile. Avec un \u00e9clairage adapt\u00e9, vous pouvez cr\u00e9er une ambiance dans et autour de votre maison. Nous sommes heureux de vous aider dans [&hellip;]<\/p>\n","protected":false},"author":1,"featured_media":3591,"parent":0,"menu_order":0,"comment_status":"closed","ping_status":"closed","template":"elementor_header_footer","meta":{"footnotes":""},"class_list":["post-3758","page","type-page","status-publish","has-post-thumbnail","hentry"],"_links":{"self":[{"href":"https:\/\/www.decraen.be\/fr\/wp-json\/wp\/v2\/pages\/3758","targetHints":{"allow":["GET"]}}],"collection":[{"href":"https:\/\/www.decraen.be\/fr\/wp-json\/wp\/v2\/pages"}],"about":[{"href":"https:\/\/www.decraen.be\/fr\/wp-json\/wp\/v2\/types\/page"}],"author":[{"embeddable":true,"href":"https:\/\/www.decraen.be\/fr\/wp-json\/wp\/v2\/users\/1"}],"replies":[{"embeddable":true,"href":"https:\/\/www.decraen.be\/fr\/wp-json\/wp\/v2\/comments?post=3758"}],"version-history":[{"count":1,"href":"https:\/\/www.decraen.be\/fr\/wp-json\/wp\/v2\/pages\/3758\/revisions"}],"predecessor-version":[{"id":3759,"href":"https:\/\/www.decraen.be\/fr\/wp-json\/wp\/v2\/pages\/3758\/revisions\/3759"}],"wp:featuredmedia":[{"embeddable":true,"href":"https:\/\/www.decraen.be\/fr\/wp-json\/wp\/v2\/media\/3591"}],"wp:attachment":[{"href":"https:\/\/www.decraen.be\/fr\/wp-json\/wp\/v2\/media?parent=3758"}],"curies":[{"name":"wp","href":"https:\/\/api.w.org\/{rel}","templated":true}]}}