{"id":3760,"date":"2024-02-16T14:03:07","date_gmt":"2024-02-16T13:03:07","guid":{"rendered":"https:\/\/www.decraen.be\/realisations\/"},"modified":"2024-04-07T18:53:11","modified_gmt":"2024-04-07T16:53:11","slug":"realisations","status":"publish","type":"page","link":"https:\/\/www.decraen.be\/fr\/realisations\/","title":{"rendered":"R\u00e9alisations"},"content":{"rendered":"\t\t<div data-elementor-type=\"wp-page\" data-elementor-id=\"3760\" class=\"elementor elementor-3760 elementor-2453\" data-elementor-post-type=\"page\">\n\t\t\t\t<div class=\"elementor-element elementor-element-2320beb e-flex e-con-boxed e-con e-parent\" data-id=\"2320beb\" data-element_type=\"container\" data-e-type=\"container\" data-settings=\"{&quot;background_background&quot;:&quot;classic&quot;,&quot;shape_divider_bottom&quot;:&quot;waves&quot;}\">\n\t\t\t\t\t<div class=\"e-con-inner\">\n\t\t\t\t<div class=\"elementor-shape elementor-shape-bottom\" aria-hidden=\"true\" data-negative=\"false\">\n\t\t\t<svg xmlns=\"http:\/\/www.w3.org\/2000\/svg\" viewBox=\"0 0 1000 100\" preserveAspectRatio=\"none\">\n\t<path class=\"elementor-shape-fill\" d=\"M421.9,6.5c22.6-2.5,51.5,0.4,75.5,5.3c23.6,4.9,70.9,23.5,100.5,35.7c75.8,32.2,133.7,44.5,192.6,49.7\n\tc23.6,2.1,48.7,3.5,103.4-2.5c54.7-6,106.2-25.6,106.2-25.6V0H0v30.3c0,0,72,32.6,158.4,30.5c39.2-0.7,92.8-6.7,134-22.4\n\tc21.2-8.1,52.2-18.2,79.7-24.2C399.3,7.9,411.6,7.5,421.9,6.5z\"\/>\n<\/svg>\t\t<\/div>\n\t\t\t\t<div class=\"elementor-element elementor-element-3f1714c elementor-widget elementor-widget-heading\" data-id=\"3f1714c\" data-element_type=\"widget\" data-e-type=\"widget\" data-settings=\"{&quot;_animation&quot;:&quot;none&quot;}\" data-widget_type=\"heading.default\">\n\t\t\t\t<div class=\"elementor-widget-container\">\n\t\t\t\t\t<h1 class=\"elementor-heading-title elementor-size-default\"><span style=\"color: var(--theme-palette-color-1)\">Nos r\u00e9alisations<\/span> <\/h1>\t\t\t\t<\/div>\n\t\t\t\t<\/div>\n\t\t\t\t\t<\/div>\n\t\t\t\t<\/div>\n\t\t<div class=\"elementor-element elementor-element-bbc59e3 e-con-full e-flex e-con e-parent\" data-id=\"bbc59e3\" data-element_type=\"container\" data-e-type=\"container\" data-settings=\"{&quot;motion_fx_motion_fx_scrolling&quot;:&quot;yes&quot;,&quot;motion_fx_devices&quot;:[&quot;desktop&quot;,&quot;tablet&quot;,&quot;mobile&quot;]}\">\n\t\t\t\t<div class=\"elementor-element elementor-element-e6d5de7 elementor-grid-4 elementor-grid-tablet-2 elementor-grid-mobile-1 elementor-widget elementor-widget-portfolio\" data-id=\"e6d5de7\" data-element_type=\"widget\" data-e-type=\"widget\" data-settings=\"{&quot;columns&quot;:&quot;4&quot;,&quot;item_ratio&quot;:{&quot;unit&quot;:&quot;px&quot;,&quot;size&quot;:0.7,&quot;sizes&quot;:[]},&quot;row_gap&quot;:{&quot;unit&quot;:&quot;px&quot;,&quot;size&quot;:15,&quot;sizes&quot;:[]},&quot;columns_tablet&quot;:&quot;2&quot;,&quot;columns_mobile&quot;:&quot;1&quot;,&quot;item_gap&quot;:{&quot;unit&quot;:&quot;px&quot;,&quot;size&quot;:&quot;&quot;,&quot;sizes&quot;:[]}}\" data-widget_type=\"portfolio.default\">\n\t\t\t\t<div class=\"elementor-widget-container\">\n\t\t\t\t\t\t\t<ul class=\"elementor-portfolio__filters\">\n\t\t\t<li class=\"elementor-portfolio__filter elementor-active\" tabindex=\"0\" data-filter=\"__all\">Tout<\/li>\n\t\t\t\t\t\t\t<li class=\"elementor-portfolio__filter\" tabindex=\"0\" data-filter=\"27\">Algemene elektriciteit<\/li>\n\t\t\t\t\t\t\t<li class=\"elementor-portfolio__filter\" tabindex=\"0\" data-filter=\"25\">Laadpalen<\/li>\n\t\t\t\t\t\t\t<li class=\"elementor-portfolio__filter\" tabindex=\"0\" data-filter=\"26\">Renovatie<\/li>\n\t\t\t\t\t\t\t<li class=\"elementor-portfolio__filter\" tabindex=\"0\" data-filter=\"24\">Verlichting<\/li>\n\t\t\t\t\t<\/ul>\n\t\t\t\t<div class=\"elementor-portfolio elementor-grid elementor-posts-container\" role=\"list\">\n\t\t\t\t<article class=\"elementor-portfolio-item elementor-post elementor-filter-25 post-3818 elemenfolio type-elemenfolio status-publish has-post-thumbnail hentry elemenfoliocategory-laadpalen\" role=\"listitem\">\n\t\t\t<a class=\"elementor-post__thumbnail__link\" href=\"https:\/\/www.decraen.be\/fr\/portfolio\/easee-charge-lite\/\">\n\t\t\t\t<div class=\"elementor-portfolio-item__img elementor-post__thumbnail\">\n\t\t\t<img fetchpriority=\"high\" decoding=\"async\" width=\"768\" height=\"1024\" src=\"https:\/\/www.decraen.be\/wp-content\/uploads\/2024\/04\/Easee-EV-Charger-April24-768x1024.jpg\" class=\"attachment-large size-large wp-image-3811\" alt=\"Easee EV Charger Lite - Installateur laadpalen\" srcset=\"https:\/\/www.decraen.be\/wp-content\/uploads\/2024\/04\/Easee-EV-Charger-April24-768x1024.jpg 768w, https:\/\/www.decraen.be\/wp-content\/uploads\/2024\/04\/Easee-EV-Charger-April24-225x300.jpg 225w, https:\/\/www.decraen.be\/wp-content\/uploads\/2024\/04\/Easee-EV-Charger-April24.jpg 900w\" sizes=\"(max-width: 768px) 100vw, 768px\" \/>\t\t<\/div>\n\t\t\t\t<div class=\"elementor-portfolio-item__overlay\">\n\t\t\t\t<h3 class=\"elementor-portfolio-item__title\">\n\t\tEasee Charge Lite\t\t<\/h3>\n\t\t\t\t<\/div>\n\t\t\t\t<\/a>\n\t\t<\/article>\n\t\t\t\t<article class=\"elementor-portfolio-item elementor-post elementor-filter-25 post-3828 elemenfolio type-elemenfolio status-publish has-post-thumbnail hentry elemenfoliocategory-laadpalen\" role=\"listitem\">\n\t\t\t<a class=\"elementor-post__thumbnail__link\" href=\"https:\/\/www.decraen.be\/fr\/portfolio\/smappee-ev-one\/\">\n\t\t\t\t<div class=\"elementor-portfolio-item__img elementor-post__thumbnail\">\n\t\t\t<img decoding=\"async\" width=\"480\" height=\"640\" src=\"https:\/\/www.decraen.be\/wp-content\/uploads\/2024\/03\/Smappee-EV-One_1.jpg\" class=\"attachment-large size-large wp-image-3709\" alt=\"\" srcset=\"https:\/\/www.decraen.be\/wp-content\/uploads\/2024\/03\/Smappee-EV-One_1.jpg 480w, https:\/\/www.decraen.be\/wp-content\/uploads\/2024\/03\/Smappee-EV-One_1-225x300.jpg 225w\" sizes=\"(max-width: 480px) 100vw, 480px\">\t\t<\/div>\n\t\t\t\t<div class=\"elementor-portfolio-item__overlay\">\n\t\t\t\t<h3 class=\"elementor-portfolio-item__title\">\n\t\tSmappee EV One\t\t<\/h3>\n\t\t\t\t<\/div>\n\t\t\t\t<\/a>\n\t\t<\/article>\n\t\t\t\t<article class=\"elementor-portfolio-item elementor-post elementor-filter-24 post-3834 elemenfolio type-elemenfolio status-publish has-post-thumbnail hentry elemenfoliocategory-verlichting\" role=\"listitem\">\n\t\t\t<a class=\"elementor-post__thumbnail__link\" href=\"https:\/\/www.decraen.be\/fr\/portfolio\/eclairage-interieur-sterrebeek\/\">\n\t\t\t\t<div class=\"elementor-portfolio-item__img elementor-post__thumbnail\">\n\t\t\t<img decoding=\"async\" width=\"768\" height=\"1024\" src=\"https:\/\/www.decraen.be\/wp-content\/uploads\/2023\/11\/IMG_0256-2.jpg\" class=\"attachment-large size-large wp-image-3587\" alt=\"\" srcset=\"https:\/\/www.decraen.be\/wp-content\/uploads\/2023\/11\/IMG_0256-2.jpg 768w, https:\/\/www.decraen.be\/wp-content\/uploads\/2023\/11\/IMG_0256-2-225x300.jpg 225w\" sizes=\"(max-width: 768px) 100vw, 768px\">\t\t<\/div>\n\t\t\t\t<div class=\"elementor-portfolio-item__overlay\">\n\t\t\t\t<h3 class=\"elementor-portfolio-item__title\">\n\t\tEclairage int\u00e9rieur Sterrebeek\t\t<\/h3>\n\t\t\t\t<\/div>\n\t\t\t\t<\/a>\n\t\t<\/article>\n\t\t\t\t<article class=\"elementor-portfolio-item elementor-post elementor-filter-25 post-3838 elemenfolio type-elemenfolio status-publish has-post-thumbnail hentry elemenfoliocategory-laadpalen\" role=\"listitem\">\n\t\t\t<a class=\"elementor-post__thumbnail__link\" href=\"https:\/\/www.decraen.be\/fr\/portfolio\/smappee-ev-wall\/\">\n\t\t\t\t<div class=\"elementor-portfolio-item__img elementor-post__thumbnail\">\n\t\t\t<img loading=\"lazy\" decoding=\"async\" width=\"480\" height=\"640\" src=\"https:\/\/www.decraen.be\/wp-content\/uploads\/2025\/02\/Smappee-EV-White-Wall-with-cable-1.jpg\" class=\"attachment-large size-large wp-image-4033\" alt=\"Smappee EV Wall White with cable\" srcset=\"https:\/\/www.decraen.be\/wp-content\/uploads\/2025\/02\/Smappee-EV-White-Wall-with-cable-1.jpg 480w, https:\/\/www.decraen.be\/wp-content\/uploads\/2025\/02\/Smappee-EV-White-Wall-with-cable-1-225x300.jpg 225w\" sizes=\"(max-width: 480px) 100vw, 480px\" \/>\t\t<\/div>\n\t\t\t\t<div class=\"elementor-portfolio-item__overlay\">\n\t\t\t\t<h3 class=\"elementor-portfolio-item__title\">\n\t\tSmappee EV Wall\t\t<\/h3>\n\t\t\t\t<\/div>\n\t\t\t\t<\/a>\n\t\t<\/article>\n\t\t\t\t<article class=\"elementor-portfolio-item elementor-post elementor-filter-25 post-3842 elemenfolio type-elemenfolio status-publish has-post-thumbnail hentry elemenfoliocategory-laadpalen\" role=\"listitem\">\n\t\t\t<a class=\"elementor-post__thumbnail__link\" href=\"https:\/\/www.decraen.be\/fr\/portfolio\/base-ev-de-smappee\/\">\n\t\t\t\t<div class=\"elementor-portfolio-item__img elementor-post__thumbnail\">\n\t\t\t<img loading=\"lazy\" decoding=\"async\" width=\"480\" height=\"640\" src=\"https:\/\/www.decraen.be\/wp-content\/uploads\/2024\/02\/Smappee-One-White-Grimbergen.jpg\" class=\"attachment-large size-large wp-image-3695\" alt=\"\" srcset=\"https:\/\/www.decraen.be\/wp-content\/uploads\/2024\/02\/Smappee-One-White-Grimbergen.jpg 480w, https:\/\/www.decraen.be\/wp-content\/uploads\/2024\/02\/Smappee-One-White-Grimbergen-225x300.jpg 225w\" sizes=\"(max-width: 480px) 100vw, 480px\">\t\t<\/div>\n\t\t\t\t<div class=\"elementor-portfolio-item__overlay\">\n\t\t\t\t<h3 class=\"elementor-portfolio-item__title\">\n\t\tBase EV de Smappee\t\t<\/h3>\n\t\t\t\t<\/div>\n\t\t\t\t<\/a>\n\t\t<\/article>\n\t\t\t\t<article class=\"elementor-portfolio-item elementor-post elementor-filter-27 post-3846 elemenfolio type-elemenfolio status-publish has-post-thumbnail hentry elemenfoliocategory-algemene-elektriciteit\" role=\"listitem\">\n\t\t\t<a class=\"elementor-post__thumbnail__link\" href=\"https:\/\/www.decraen.be\/fr\/portfolio\/electricite-generale\/\">\n\t\t\t\t<div class=\"elementor-portfolio-item__img elementor-post__thumbnail\">\n\t\t\t<img loading=\"lazy\" decoding=\"async\" width=\"768\" height=\"1024\" src=\"https:\/\/www.decraen.be\/wp-content\/uploads\/2023\/11\/IMG_3866-2-768x1024.jpg\" class=\"attachment-large size-large wp-image-3593\" alt=\"\" srcset=\"https:\/\/www.decraen.be\/wp-content\/uploads\/2023\/11\/IMG_3866-2-768x1024.jpg 768w, https:\/\/www.decraen.be\/wp-content\/uploads\/2023\/11\/IMG_3866-2-225x300.jpg 225w, https:\/\/www.decraen.be\/wp-content\/uploads\/2023\/11\/IMG_3866-2-1152x1536.jpg 1152w, https:\/\/www.decraen.be\/wp-content\/uploads\/2023\/11\/IMG_3866-2.jpg 1537w\" sizes=\"(max-width: 768px) 100vw, 768px\">\t\t<\/div>\n\t\t\t\t<div class=\"elementor-portfolio-item__overlay\">\n\t\t\t\t<h3 class=\"elementor-portfolio-item__title\">\n\t\t\u00c9lectricit\u00e9 g\u00e9n\u00e9rale\t\t<\/h3>\n\t\t\t\t<\/div>\n\t\t\t\t<\/a>\n\t\t<\/article>\n\t\t\t\t<article class=\"elementor-portfolio-item elementor-post elementor-filter-26 post-3850 elemenfolio type-elemenfolio status-publish has-post-thumbnail hentry elemenfoliocategory-renovatie\" role=\"listitem\">\n\t\t\t<a class=\"elementor-post__thumbnail__link\" href=\"https:\/\/www.decraen.be\/fr\/portfolio\/projet-de-renovation-kortenberg\/\">\n\t\t\t\t<div class=\"elementor-portfolio-item__img elementor-post__thumbnail\">\n\t\t\t<img loading=\"lazy\" decoding=\"async\" width=\"768\" height=\"1024\" src=\"https:\/\/www.decraen.be\/wp-content\/uploads\/2024\/02\/Werf_Kortenberg_6.jpg\" class=\"attachment-large size-large wp-image-3671\" alt=\"\" srcset=\"https:\/\/www.decraen.be\/wp-content\/uploads\/2024\/02\/Werf_Kortenberg_6.jpg 768w, https:\/\/www.decraen.be\/wp-content\/uploads\/2024\/02\/Werf_Kortenberg_6-225x300.jpg 225w\" sizes=\"(max-width: 768px) 100vw, 768px\">\t\t<\/div>\n\t\t\t\t<div class=\"elementor-portfolio-item__overlay\">\n\t\t\t\t<h3 class=\"elementor-portfolio-item__title\">\n\t\tProjet de r\u00e9novation Kortenberg\t\t<\/h3>\n\t\t\t\t<\/div>\n\t\t\t\t<\/a>\n\t\t<\/article>\n\t\t\t\t<article class=\"elementor-portfolio-item elementor-post elementor-filter-24 post-3854 elemenfolio type-elemenfolio status-publish has-post-thumbnail hentry elemenfoliocategory-verlichting\" role=\"listitem\">\n\t\t\t<a class=\"elementor-post__thumbnail__link\" href=\"https:\/\/www.decraen.be\/fr\/portfolio\/eclairage-exterieur-sterrebeek\/\">\n\t\t\t\t<div class=\"elementor-portfolio-item__img elementor-post__thumbnail\">\n\t\t\t<img loading=\"lazy\" decoding=\"async\" width=\"800\" height=\"600\" src=\"https:\/\/www.decraen.be\/wp-content\/uploads\/2023\/11\/Tuin_Ilse.jpg\" class=\"attachment-large size-large wp-image-3603\" alt=\"\" srcset=\"https:\/\/www.decraen.be\/wp-content\/uploads\/2023\/11\/Tuin_Ilse.jpg 1024w, https:\/\/www.decraen.be\/wp-content\/uploads\/2023\/11\/Tuin_Ilse-300x225.jpg 300w, https:\/\/www.decraen.be\/wp-content\/uploads\/2023\/11\/Tuin_Ilse-768x576.jpg 768w\" sizes=\"(max-width: 800px) 100vw, 800px\">\t\t<\/div>\n\t\t\t\t<div class=\"elementor-portfolio-item__overlay\">\n\t\t\t\t<h3 class=\"elementor-portfolio-item__title\">\n\t\tEclairage ext\u00e9rieur Sterrebeek\t\t<\/h3>\n\t\t\t\t<\/div>\n\t\t\t\t<\/a>\n\t\t<\/article>\n\t\t\t\t<article class=\"elementor-portfolio-item elementor-post elementor-filter-24 post-3858 elemenfolio type-elemenfolio status-publish has-post-thumbnail hentry elemenfoliocategory-verlichting\" role=\"listitem\">\n\t\t\t<a class=\"elementor-post__thumbnail__link\" href=\"https:\/\/www.decraen.be\/fr\/portfolio\/eclairage-interieur-grimbergen\/\">\n\t\t\t\t<div class=\"elementor-portfolio-item__img elementor-post__thumbnail\">\n\t\t\t<img loading=\"lazy\" decoding=\"async\" width=\"768\" height=\"1024\" src=\"https:\/\/www.decraen.be\/wp-content\/uploads\/2023\/11\/IMG_3862-2-768x1024.jpg\" class=\"attachment-large size-large wp-image-3591\" alt=\"\" srcset=\"https:\/\/www.decraen.be\/wp-content\/uploads\/2023\/11\/IMG_3862-2-768x1024.jpg 768w, https:\/\/www.decraen.be\/wp-content\/uploads\/2023\/11\/IMG_3862-2-225x300.jpg 225w, https:\/\/www.decraen.be\/wp-content\/uploads\/2023\/11\/IMG_3862-2-1152x1536.jpg 1152w, https:\/\/www.decraen.be\/wp-content\/uploads\/2023\/11\/IMG_3862-2.jpg 1537w\" sizes=\"(max-width: 768px) 100vw, 768px\">\t\t<\/div>\n\t\t\t\t<div class=\"elementor-portfolio-item__overlay\">\n\t\t\t\t<h3 class=\"elementor-portfolio-item__title\">\n\t\tEclairage int\u00e9rieur Grimbergen\t\t<\/h3>\n\t\t\t\t<\/div>\n\t\t\t\t<\/a>\n\t\t<\/article>\n\t\t\t\t<article class=\"elementor-portfolio-item elementor-post elementor-filter-25 post-3862 elemenfolio type-elemenfolio status-publish has-post-thumbnail hentry elemenfoliocategory-laadpalen\" role=\"listitem\">\n\t\t\t<a class=\"elementor-post__thumbnail__link\" href=\"https:\/\/www.decraen.be\/fr\/portfolio\/smappee-ev\/\">\n\t\t\t\t<div class=\"elementor-portfolio-item__img elementor-post__thumbnail\">\n\t\t\t<img loading=\"lazy\" decoding=\"async\" width=\"768\" height=\"1024\" src=\"https:\/\/www.decraen.be\/wp-content\/uploads\/2023\/11\/IMG_4165-768x1024.jpg\" class=\"attachment-large size-large wp-image-3595\" alt=\"Installateur van laadpalen - Smappee EV Black\" srcset=\"https:\/\/www.decraen.be\/wp-content\/uploads\/2023\/11\/IMG_4165-768x1024.jpg 768w, https:\/\/www.decraen.be\/wp-content\/uploads\/2023\/11\/IMG_4165-225x300.jpg 225w, https:\/\/www.decraen.be\/wp-content\/uploads\/2023\/11\/IMG_4165-1152x1536.jpg 1152w, https:\/\/www.decraen.be\/wp-content\/uploads\/2023\/11\/IMG_4165.jpg 1537w\" sizes=\"(max-width: 768px) 100vw, 768px\" \/>\t\t<\/div>\n\t\t\t\t<div class=\"elementor-portfolio-item__overlay\">\n\t\t\t\t<h3 class=\"elementor-portfolio-item__title\">\n\t\tSmappee EV\t\t<\/h3>\n\t\t\t\t<\/div>\n\t\t\t\t<\/a>\n\t\t<\/article>\n\t\t\t\t<\/div>\n\t\t\t\t\t\t<\/div>\n\t\t\t\t<\/div>\n\t\t\t\t<\/div>\n\t\t\t\t<\/div>\n\t\t","protected":false},"excerpt":{"rendered":"<p>Nos r\u00e9alisations<\/p>\n","protected":false},"author":1,"featured_media":3695,"parent":0,"menu_order":0,"comment_status":"closed","ping_status":"closed","template":"elementor_header_footer","meta":{"footnotes":""},"class_list":["post-3760","page","type-page","status-publish","has-post-thumbnail","hentry"],"_links":{"self":[{"href":"https:\/\/www.decraen.be\/fr\/wp-json\/wp\/v2\/pages\/3760","targetHints":{"allow":["GET"]}}],"collection":[{"href":"https:\/\/www.decraen.be\/fr\/wp-json\/wp\/v2\/pages"}],"about":[{"href":"https:\/\/www.decraen.be\/fr\/wp-json\/wp\/v2\/types\/page"}],"author":[{"embeddable":true,"href":"https:\/\/www.decraen.be\/fr\/wp-json\/wp\/v2\/users\/1"}],"replies":[{"embeddable":true,"href":"https:\/\/www.decraen.be\/fr\/wp-json\/wp\/v2\/comments?post=3760"}],"version-history":[{"count":2,"href":"https:\/\/www.decraen.be\/fr\/wp-json\/wp\/v2\/pages\/3760\/revisions"}],"predecessor-version":[{"id":3763,"href":"https:\/\/www.decraen.be\/fr\/wp-json\/wp\/v2\/pages\/3760\/revisions\/3763"}],"wp:featuredmedia":[{"embeddable":true,"href":"https:\/\/www.decraen.be\/fr\/wp-json\/wp\/v2\/media\/3695"}],"wp:attachment":[{"href":"https:\/\/www.decraen.be\/fr\/wp-json\/wp\/v2\/media?parent=3760"}],"curies":[{"name":"wp","href":"https:\/\/api.w.org\/{rel}","templated":true}]}}