{"id":3767,"date":"2024-02-03T14:37:09","date_gmt":"2024-02-03T13:37:09","guid":{"rendered":"https:\/\/www.decraen.be\/reparations-durgence\/"},"modified":"2024-04-07T18:56:59","modified_gmt":"2024-04-07T16:56:59","slug":"reparations-durgence","status":"publish","type":"page","link":"https:\/\/www.decraen.be\/fr\/reparations-durgence\/","title":{"rendered":"R\u00e9parations d&rsquo;urgence"},"content":{"rendered":"\t\t<div data-elementor-type=\"wp-page\" data-elementor-id=\"3767\" class=\"elementor elementor-3767 elementor-1807\" data-elementor-post-type=\"page\">\n\t\t\t\t<div class=\"elementor-element elementor-element-c6391af e-flex e-con-boxed e-con e-parent\" data-id=\"c6391af\" data-element_type=\"container\" data-e-type=\"container\" data-settings=\"{&quot;background_background&quot;:&quot;classic&quot;,&quot;shape_divider_bottom&quot;:&quot;waves&quot;}\">\n\t\t\t\t\t<div class=\"e-con-inner\">\n\t\t\t\t<div class=\"elementor-shape elementor-shape-bottom\" aria-hidden=\"true\" data-negative=\"false\">\n\t\t\t<svg xmlns=\"http:\/\/www.w3.org\/2000\/svg\" viewBox=\"0 0 1000 100\" preserveAspectRatio=\"none\">\n\t<path class=\"elementor-shape-fill\" d=\"M421.9,6.5c22.6-2.5,51.5,0.4,75.5,5.3c23.6,4.9,70.9,23.5,100.5,35.7c75.8,32.2,133.7,44.5,192.6,49.7\n\tc23.6,2.1,48.7,3.5,103.4-2.5c54.7-6,106.2-25.6,106.2-25.6V0H0v30.3c0,0,72,32.6,158.4,30.5c39.2-0.7,92.8-6.7,134-22.4\n\tc21.2-8.1,52.2-18.2,79.7-24.2C399.3,7.9,411.6,7.5,421.9,6.5z\"\/>\n<\/svg>\t\t<\/div>\n\t\t<div class=\"elementor-element elementor-element-00f9d80 e-con-full e-flex e-con e-child\" data-id=\"00f9d80\" data-element_type=\"container\" data-e-type=\"container\">\n\t\t\t\t<div class=\"elementor-element elementor-element-8de5b29 elementor-widget elementor-widget-heading\" data-id=\"8de5b29\" data-element_type=\"widget\" data-e-type=\"widget\" data-settings=\"{&quot;_animation&quot;:&quot;none&quot;}\" data-widget_type=\"heading.default\">\n\t\t\t\t<div class=\"elementor-widget-container\">\n\t\t\t\t\t<h2 class=\"elementor-heading-title elementor-size-default\"><span style=\"color: var(--theme-palette-color-1)\">R\u00e9parations d'urgence<\/span> <\/h2>\t\t\t\t<\/div>\n\t\t\t\t<\/div>\n\t\t\t\t<\/div>\n\t\t\t\t\t<\/div>\n\t\t\t\t<\/div>\n\t\t<div class=\"elementor-element elementor-element-09fa158 e-flex e-con-boxed e-con e-parent\" data-id=\"09fa158\" data-element_type=\"container\" data-e-type=\"container\">\n\t\t\t\t\t<div class=\"e-con-inner\">\n\t\t<div class=\"elementor-element elementor-element-727d07b e-con-full e-flex e-con e-child\" data-id=\"727d07b\" data-element_type=\"container\" data-e-type=\"container\">\n\t\t\t\t<div class=\"elementor-element elementor-element-914a21d elementor-widget elementor-widget-image\" data-id=\"914a21d\" data-element_type=\"widget\" data-e-type=\"widget\" data-widget_type=\"image.default\">\n\t\t\t\t<div class=\"elementor-widget-container\">\n\t\t\t\t\t\t\t\t\t\t\t\t\t\t\t<img fetchpriority=\"high\" decoding=\"async\" width=\"612\" height=\"336\" src=\"https:\/\/www.decraen.be\/wp-content\/uploads\/2024\/02\/istockphoto-1469656864-612x612-1.jpg\" class=\"attachment-large size-large wp-image-3619\" alt=\"\" srcset=\"https:\/\/www.decraen.be\/wp-content\/uploads\/2024\/02\/istockphoto-1469656864-612x612-1.jpg 612w, https:\/\/www.decraen.be\/wp-content\/uploads\/2024\/02\/istockphoto-1469656864-612x612-1-300x165.jpg 300w\" sizes=\"(max-width: 612px) 100vw, 612px\">\t\t\t\t\t\t\t\t\t\t\t\t\t\t\t<\/div>\n\t\t\t\t<\/div>\n\t\t\t\t<\/div>\n\t\t<div class=\"elementor-element elementor-element-6f8b671 e-con-full e-flex e-con e-child\" data-id=\"6f8b671\" data-element_type=\"container\" data-e-type=\"container\">\n\t\t\t\t<div class=\"elementor-element elementor-element-df3e064 elementor-widget elementor-widget-heading\" data-id=\"df3e064\" data-element_type=\"widget\" data-e-type=\"widget\" data-widget_type=\"heading.default\">\n\t\t\t\t<div class=\"elementor-widget-container\">\n\t\t\t\t\t<h3 class=\"elementor-heading-title elementor-size-default\">R\u00e9parations d'urgence<\/h3>\t\t\t\t<\/div>\n\t\t\t\t<\/div>\n\t\t\t\t<div class=\"elementor-element elementor-element-2a92bb3 elementor-widget elementor-widget-text-editor\" data-id=\"2a92bb3\" data-element_type=\"widget\" data-e-type=\"widget\" data-widget_type=\"text-editor.default\">\n\t\t\t\t<div class=\"elementor-widget-container\">\n\t\t\t\t\t\t\t\t\t<p>Pour les interventions urgentes, nous sommes disponibles 24 heures sur 24 et 7 jours sur 7.<\/p>\n<p>Nous fournissons des solutions rapides et un service de qualit\u00e9 pour tous vos probl\u00e8mes \u00e9lectriques.<\/p>\n<p>Contactez-nous pour toutes vos urgences en mati\u00e8re d&rsquo;\u00e9lectricit\u00e9.<\/p>\n\t\t\t\t\t\t\t\t<\/div>\n\t\t\t\t<\/div>\n\t\t\t\t<\/div>\n\t\t\t\t\t<\/div>\n\t\t\t\t<\/div>\n\t\t<div class=\"elementor-element elementor-element-0be4855 e-flex e-con-boxed e-con e-parent\" data-id=\"0be4855\" data-element_type=\"container\" data-e-type=\"container\" data-settings=\"{&quot;background_background&quot;:&quot;gradient&quot;}\">\n\t\t\t\t\t<div class=\"e-con-inner\">\n\t\t\t\t<div class=\"elementor-element elementor-element-7636a78 elementor-widget elementor-widget-heading\" data-id=\"7636a78\" data-element_type=\"widget\" data-e-type=\"widget\" data-widget_type=\"heading.default\">\n\t\t\t\t<div class=\"elementor-widget-container\">\n\t\t\t\t\t<h2 class=\"elementor-heading-title elementor-size-default\">Nous contacter<\/h2>\t\t\t\t<\/div>\n\t\t\t\t<\/div>\n\t\t\t\t<div class=\"elementor-element elementor-element-f218591 elementor-widget-divider--view-line elementor-widget elementor-widget-divider\" data-id=\"f218591\" data-element_type=\"widget\" data-e-type=\"widget\" data-widget_type=\"divider.default\">\n\t\t\t\t<div class=\"elementor-widget-container\">\n\t\t\t\t\t\t\t<div class=\"elementor-divider\">\n\t\t\t<span class=\"elementor-divider-separator\">\n\t\t\t\t\t\t<\/span>\n\t\t<\/div>\n\t\t\t\t\t\t<\/div>\n\t\t\t\t<\/div>\n\t\t\t\t<div class=\"elementor-element elementor-element-06f50b0 elementor-widget__width-initial elementor-widget elementor-widget-text-editor\" data-id=\"06f50b0\" data-element_type=\"widget\" data-e-type=\"widget\" data-widget_type=\"text-editor.default\">\n\t\t\t\t<div class=\"elementor-widget-container\">\n\t\t\t\t\t\t\t\t\t<p style=\"text-align: center;\">Vous cherchez un partenaire fiable ou nous pouvons vous aider dans d&rsquo;autres domaines ? N&rsquo;h\u00e9sitez pas \u00e0 nous contacter en cliquant sur le bouton ci-dessous.  <\/p>\n\t\t\t\t\t\t\t\t<\/div>\n\t\t\t\t<\/div>\n\t\t\t\t<div class=\"elementor-element elementor-element-96d8a0c elementor-align-center elementor-widget elementor-widget-button\" data-id=\"96d8a0c\" data-element_type=\"widget\" data-e-type=\"widget\" data-settings=\"{&quot;_animation&quot;:&quot;none&quot;}\" data-widget_type=\"button.default\">\n\t\t\t\t<div class=\"elementor-widget-container\">\n\t\t\t\t\t\t\t\t\t<div class=\"elementor-button-wrapper\">\n\t\t\t\t\t<a class=\"elementor-button elementor-button-link elementor-size-sm\" href=\"https:\/\/www.decraen.be\/elementor-page-1868\/\">\n\t\t\t\t\t\t<span class=\"elementor-button-content-wrapper\">\n\t\t\t\t\t\t\t\t\t<span class=\"elementor-button-text\">Contact<\/span>\n\t\t\t\t\t<\/span>\n\t\t\t\t\t<\/a>\n\t\t\t\t<\/div>\n\t\t\t\t\t\t\t\t<\/div>\n\t\t\t\t<\/div>\n\t\t\t\t\t<\/div>\n\t\t\t\t<\/div>\n\t\t\t\t<\/div>\n\t\t","protected":false},"excerpt":{"rendered":"<p>R\u00e9parations d&rsquo;urgence R\u00e9parations d&rsquo;urgence Pour les interventions urgentes, nous sommes disponibles 24 heures sur 24 et 7 jours sur 7. Nous fournissons des solutions rapides et un service de qualit\u00e9 pour tous vos probl\u00e8mes \u00e9lectriques. Contactez-nous pour toutes vos urgences en mati\u00e8re d&rsquo;\u00e9lectricit\u00e9. Nous contacter Vous cherchez un partenaire fiable ou nous pouvons vous aider [&hellip;]<\/p>\n","protected":false},"author":1,"featured_media":3619,"parent":0,"menu_order":0,"comment_status":"closed","ping_status":"closed","template":"elementor_header_footer","meta":{"footnotes":""},"class_list":["post-3767","page","type-page","status-publish","has-post-thumbnail","hentry"],"_links":{"self":[{"href":"https:\/\/www.decraen.be\/fr\/wp-json\/wp\/v2\/pages\/3767","targetHints":{"allow":["GET"]}}],"collection":[{"href":"https:\/\/www.decraen.be\/fr\/wp-json\/wp\/v2\/pages"}],"about":[{"href":"https:\/\/www.decraen.be\/fr\/wp-json\/wp\/v2\/types\/page"}],"author":[{"embeddable":true,"href":"https:\/\/www.decraen.be\/fr\/wp-json\/wp\/v2\/users\/1"}],"replies":[{"embeddable":true,"href":"https:\/\/www.decraen.be\/fr\/wp-json\/wp\/v2\/comments?post=3767"}],"version-history":[{"count":2,"href":"https:\/\/www.decraen.be\/fr\/wp-json\/wp\/v2\/pages\/3767\/revisions"}],"predecessor-version":[{"id":3771,"href":"https:\/\/www.decraen.be\/fr\/wp-json\/wp\/v2\/pages\/3767\/revisions\/3771"}],"wp:featuredmedia":[{"embeddable":true,"href":"https:\/\/www.decraen.be\/fr\/wp-json\/wp\/v2\/media\/3619"}],"wp:attachment":[{"href":"https:\/\/www.decraen.be\/fr\/wp-json\/wp\/v2\/media?parent=3767"}],"curies":[{"name":"wp","href":"https:\/\/api.w.org\/{rel}","templated":true}]}}